{"id":4020,"date":"2024-10-24T21:23:48","date_gmt":"2024-10-24T20:23:48","guid":{"rendered":"https:\/\/fiatfreemont.cz\/?post_type=product&#038;p=4020"},"modified":"2026-03-06T11:25:14","modified_gmt":"2026-03-06T10:25:14","slug":"mapy-2024-10-update-ctp13-ctp17-flash-usb-verze","status":"publish","type":"product","link":"https:\/\/fiatfreemont.cz\/index.php\/produkt\/mapy-2024-10-update-ctp13-ctp17-flash-usb-verze\/","title":{"rendered":"Mapy 2025.10 update CTP13 &#8211; CTP17 &#8211; flash USB verze"},"content":{"rendered":"<p>&nbsp;<\/p>\n<p>P\u0159\u00edsp\u011bvek na aktualizaci mapov\u00fdch podklad\u016f .<\/p>\n<p>Zde si zakoup\u00edte 3x USB Flash s nahranou mapou.<\/p>\n<p>Pro v\u00edce informac\u00ed kontakt info@fiatfreemont.cz<\/p>\n<p>Nebo se pod\u00edvejte sem<\/p>\n<p><a href=\"https:\/\/www.facebook.com\/groups\/170289440280245\/posts\/1333257767316734\/\" target=\"_blank\" rel=\"noopener\">https:\/\/www.facebook.com\/groups\/170289440280245\/posts\/1333257767316734\/<\/a><\/p>\n<p>nebo<\/p>\n<p><a href=\"https:\/\/www.facebook.com\/groups\/170289440280245\/posts\/1333711147271396\/\" target=\"_blank\" rel=\"noopener\">https:\/\/www.facebook.com\/groups\/170289440280245\/posts\/1333711147271396\/<\/a><\/p>\n","protected":false},"excerpt":{"rendered":"<p>P\u0159\u00edsp\u011bvek na aktualizaci mapov\u00fdch podklad\u016f .<\/p>\n<p>Zde si zakoup\u00edte 3x USB Flash s nahranou mapou.<\/p>\n<p>Pro v\u00edce informac\u00ed kontakt info@fiatfreemont.cz<\/p>\n","protected":false},"featured_media":3184,"comment_status":"closed","ping_status":"closed","template":"","meta":{"site-sidebar-layout":"default","site-content-layout":"","ast-site-content-layout":"default","site-content-style":"default","site-sidebar-style":"default","ast-global-header-display":"","ast-banner-title-visibility":"","ast-main-header-display":"","ast-hfb-above-header-display":"","ast-hfb-below-header-display":"","ast-hfb-mobile-header-display":"","site-post-title":"","ast-breadcrumbs-content":"","ast-featured-img":"","footer-sml-layout":"","ast-disable-related-posts":"","theme-transparent-header-meta":"default","adv-header-id-meta":"","stick-header-meta":"","header-above-stick-meta":"","header-main-stick-meta":"","header-below-stick-meta":"","astra-migrate-meta-layouts":"set","ast-page-background-enabled":"default","ast-page-background-meta":{"desktop":{"background-color":"var(--ast-global-color-4)","background-image":"","background-repeat":"repeat","background-position":"center center","background-size":"auto","background-attachment":"scroll","background-type":"","background-media":"","overlay-type":"","overlay-color":"","overlay-opacity":"","overlay-gradient":""},"tablet":{"background-color":"","background-image":"","background-repeat":"repeat","background-position":"center center","background-size":"auto","background-attachment":"scroll","background-type":"","background-media":"","overlay-type":"","overlay-color":"","overlay-opacity":"","overlay-gradient":""},"mobile":{"background-color":"","background-image":"","background-repeat":"repeat","background-position":"center center","background-size":"auto","background-attachment":"scroll","background-type":"","background-media":"","overlay-type":"","overlay-color":"","overlay-opacity":"","overlay-gradient":""}},"ast-content-background-meta":{"desktop":{"background-color":"var(--ast-global-color-5)","background-image":"","background-repeat":"repeat","background-position":"center center","background-size":"auto","background-attachment":"scroll","background-type":"","background-media":"","overlay-type":"","overlay-color":"","overlay-opacity":"","overlay-gradient":""},"tablet":{"background-color":"var(--ast-global-color-5)","background-image":"","background-repeat":"repeat","background-position":"center center","background-size":"auto","background-attachment":"scroll","background-type":"","background-media":"","overlay-type":"","overlay-color":"","overlay-opacity":"","overlay-gradient":""},"mobile":{"background-color":"var(--ast-global-color-5)","background-image":"","background-repeat":"repeat","background-position":"center center","background-size":"auto","background-attachment":"scroll","background-type":"","background-media":"","overlay-type":"","overlay-color":"","overlay-opacity":"","overlay-gradient":""}}},"product_brand":[],"product_cat":[37],"product_tag":[],"class_list":{"0":"post-4020","1":"product","2":"type-product","3":"status-publish","4":"has-post-thumbnail","6":"product_cat-mapy","7":"desktop-align-center","8":"tablet-align-left","9":"mobile-align-left","11":"first","12":"outofstock","13":"shipping-taxable","14":"purchasable","15":"product-type-simple"},"wooqr_code":"","jetpack_sharing_enabled":true,"_links":{"self":[{"href":"https:\/\/fiatfreemont.cz\/index.php\/wp-json\/wp\/v2\/product\/4020","targetHints":{"allow":["GET"]}}],"collection":[{"href":"https:\/\/fiatfreemont.cz\/index.php\/wp-json\/wp\/v2\/product"}],"about":[{"href":"https:\/\/fiatfreemont.cz\/index.php\/wp-json\/wp\/v2\/types\/product"}],"replies":[{"embeddable":true,"href":"https:\/\/fiatfreemont.cz\/index.php\/wp-json\/wp\/v2\/comments?post=4020"}],"version-history":[{"count":1,"href":"https:\/\/fiatfreemont.cz\/index.php\/wp-json\/wp\/v2\/product\/4020\/revisions"}],"predecessor-version":[{"id":4021,"href":"https:\/\/fiatfreemont.cz\/index.php\/wp-json\/wp\/v2\/product\/4020\/revisions\/4021"}],"wp:featuredmedia":[{"embeddable":true,"href":"https:\/\/fiatfreemont.cz\/index.php\/wp-json\/wp\/v2\/media\/3184"}],"wp:attachment":[{"href":"https:\/\/fiatfreemont.cz\/index.php\/wp-json\/wp\/v2\/media?parent=4020"}],"wp:term":[{"taxonomy":"product_brand","embeddable":true,"href":"https:\/\/fiatfreemont.cz\/index.php\/wp-json\/wp\/v2\/product_brand?post=4020"},{"taxonomy":"product_cat","embeddable":true,"href":"https:\/\/fiatfreemont.cz\/index.php\/wp-json\/wp\/v2\/product_cat?post=4020"},{"taxonomy":"product_tag","embeddable":true,"href":"https:\/\/fiatfreemont.cz\/index.php\/wp-json\/wp\/v2\/product_tag?post=4020"}],"curies":[{"name":"wp","href":"https:\/\/api.w.org\/{rel}","templated":true}]}}