{"id":3526,"date":"2024-05-27T17:51:27","date_gmt":"2024-05-27T16:51:27","guid":{"rendered":"https:\/\/fiatfreemont.cz\/?post_type=product&#038;p=3526"},"modified":"2025-10-09T17:19:10","modified_gmt":"2025-10-09T16:19:10","slug":"prispevek-na-servisni-seznam-dilu-fiat-freemont","status":"publish","type":"product","link":"https:\/\/fiatfreemont.cz\/index.php\/produkt\/prispevek-na-servisni-seznam-dilu-fiat-freemont\/","title":{"rendered":"P\u0159\u00edsp\u011bvek na servisn\u00ed seznam d\u00edl\u016f Fiat Freemont"},"content":{"rendered":"","protected":false},"excerpt":{"rendered":"<p>P\u0159\u00edsp\u011bvek na seznam servisn\u00edch d\u00edl\u016f Fiat Freemont.<\/p>\n<p>P\u0159\u00edsp\u011bvek je minim\u00e1ln\u011b 50 K\u010d, p\u0159isp\u011bt m\u016f\u017eete kolik uzn\u00e1te za vhodn\u00e9 zakoupen\u00edm v\u00edce polo\u017eek.<\/p>\n<p>Soubor se seznamem d\u00edl\u016f m\u016f\u017eete st\u00e1hnout v sekci soubory na na\u0161em Facebooku.<\/p>\n<p><a href=\"https:\/\/www.facebook.com\/groups\/170289440280245\/\" target=\"_blank\" rel=\"noopener\">https:\/\/www.facebook.com\/groups\/170289440280245\/<\/a><\/p>\n<p>Nebo p\u0159\u00edmo zde<\/p>\n<p><a href=\"https:\/\/www.facebook.com\/groups\/170289440280245\/files\/files\" target=\"_blank\" rel=\"noopener\">https:\/\/www.facebook.com\/groups\/170289440280245\/files\/files<\/a><\/p>\n","protected":false},"featured_media":3527,"comment_status":"closed","ping_status":"closed","template":"","meta":{"site-sidebar-layout":"default","site-content-layout":"default","ast-site-content-layout":"default","site-content-style":"default","site-sidebar-style":"default","ast-global-header-display":"","ast-banner-title-visibility":"","ast-main-header-display":"","ast-hfb-above-header-display":"","ast-hfb-below-header-display":"","ast-hfb-mobile-header-display":"","site-post-title":"","ast-breadcrumbs-content":"","ast-featured-img":"","footer-sml-layout":"","ast-disable-related-posts":"","theme-transparent-header-meta":"default","adv-header-id-meta":"","stick-header-meta":"","header-above-stick-meta":"","header-main-stick-meta":"","header-below-stick-meta":"","astra-migrate-meta-layouts":"set","ast-page-background-enabled":"default","ast-page-background-meta":{"desktop":{"background-color":"var(--ast-global-color-4)","background-image":"","background-repeat":"repeat","background-position":"center center","background-size":"auto","background-attachment":"scroll","background-type":"","background-media":"","overlay-type":"","overlay-color":"","overlay-opacity":"","overlay-gradient":""},"tablet":{"background-color":"","background-image":"","background-repeat":"repeat","background-position":"center center","background-size":"auto","background-attachment":"scroll","background-type":"","background-media":"","overlay-type":"","overlay-color":"","overlay-opacity":"","overlay-gradient":""},"mobile":{"background-color":"","background-image":"","background-repeat":"repeat","background-position":"center center","background-size":"auto","background-attachment":"scroll","background-type":"","background-media":"","overlay-type":"","overlay-color":"","overlay-opacity":"","overlay-gradient":""}},"ast-content-background-meta":{"desktop":{"background-color":"var(--ast-global-color-5)","background-image":"","background-repeat":"repeat","background-position":"center center","background-size":"auto","background-attachment":"scroll","background-type":"","background-media":"","overlay-type":"","overlay-color":"","overlay-opacity":"","overlay-gradient":""},"tablet":{"background-color":"var(--ast-global-color-5)","background-image":"","background-repeat":"repeat","background-position":"center center","background-size":"auto","background-attachment":"scroll","background-type":"","background-media":"","overlay-type":"","overlay-color":"","overlay-opacity":"","overlay-gradient":""},"mobile":{"background-color":"var(--ast-global-color-5)","background-image":"","background-repeat":"repeat","background-position":"center center","background-size":"auto","background-attachment":"scroll","background-type":"","background-media":"","overlay-type":"","overlay-color":"","overlay-opacity":"","overlay-gradient":""}}},"product_brand":[],"product_cat":[36],"product_tag":[],"class_list":{"0":"post-3526","1":"product","2":"type-product","3":"status-publish","4":"has-post-thumbnail","6":"product_cat-doplnky","7":"desktop-align-center","8":"tablet-align-left","9":"mobile-align-left","11":"first","12":"instock","13":"downloadable","14":"virtual","15":"purchasable","16":"product-type-simple"},"wooqr_code":"","jetpack_sharing_enabled":true,"_links":{"self":[{"href":"https:\/\/fiatfreemont.cz\/index.php\/wp-json\/wp\/v2\/product\/3526","targetHints":{"allow":["GET"]}}],"collection":[{"href":"https:\/\/fiatfreemont.cz\/index.php\/wp-json\/wp\/v2\/product"}],"about":[{"href":"https:\/\/fiatfreemont.cz\/index.php\/wp-json\/wp\/v2\/types\/product"}],"replies":[{"embeddable":true,"href":"https:\/\/fiatfreemont.cz\/index.php\/wp-json\/wp\/v2\/comments?post=3526"}],"version-history":[{"count":1,"href":"https:\/\/fiatfreemont.cz\/index.php\/wp-json\/wp\/v2\/product\/3526\/revisions"}],"predecessor-version":[{"id":3648,"href":"https:\/\/fiatfreemont.cz\/index.php\/wp-json\/wp\/v2\/product\/3526\/revisions\/3648"}],"wp:featuredmedia":[{"embeddable":true,"href":"https:\/\/fiatfreemont.cz\/index.php\/wp-json\/wp\/v2\/media\/3527"}],"wp:attachment":[{"href":"https:\/\/fiatfreemont.cz\/index.php\/wp-json\/wp\/v2\/media?parent=3526"}],"wp:term":[{"taxonomy":"product_brand","embeddable":true,"href":"https:\/\/fiatfreemont.cz\/index.php\/wp-json\/wp\/v2\/product_brand?post=3526"},{"taxonomy":"product_cat","embeddable":true,"href":"https:\/\/fiatfreemont.cz\/index.php\/wp-json\/wp\/v2\/product_cat?post=3526"},{"taxonomy":"product_tag","embeddable":true,"href":"https:\/\/fiatfreemont.cz\/index.php\/wp-json\/wp\/v2\/product_tag?post=3526"}],"curies":[{"name":"wp","href":"https:\/\/api.w.org\/{rel}","templated":true}]}}